{"id":1650,"date":"2018-08-21T14:51:23","date_gmt":"2018-08-21T12:51:23","guid":{"rendered":"https:\/\/pebbles-projekt.de\/?page_id=1650"},"modified":"2021-10-01T10:41:20","modified_gmt":"2021-10-01T08:41:20","slug":"aboutus","status":"publish","type":"page","link":"https:\/\/pebbles-projekt.de\/en\/aboutus\/","title":{"rendered":"About Us &#8211; EN"},"content":{"rendered":"<div class=\"wpb-content-wrapper\"><p>[vc_row row_height_percent=&#8221;0&#8243; overlay_alpha=&#8221;50&#8243; gutter_size=&#8221;3&#8243; column_width_percent=&#8221;60&#8243; mobile_visibility=&#8221;yes&#8221; shift_y=&#8221;0&#8243; z_index=&#8221;0&#8243;][vc_column width=&#8221;1\/1&#8243;][vc_empty_space empty_h=&#8221;2&#8243;][vc_column_text]<strong>The following are members of the consortium: Allg\u00e4uer \u00dcberlandwerk GmbH, Allg\u00e4uNetz GmbH &amp; Co.KG, Siemens AG, Kempten University of Applied Sciences and the Fraunhofer Institute for Applied Information Technology. The consortium members have experience successfully working together on previous projects. They each contribute their core competencies to a pool of expertise.<\/strong><\/p>\n<p>The group has previously worked on projects including<\/p>\n<p><em>IRENE<\/em> (<a href=\"http:\/\/www.projekt-irene.de\/\">www.projekt-irene.de<\/a>) \u2013 optimising coordination of generation and consumption using distributed measurement technology and innovative strategies for regulation on DEA, in particular for electric vehicles.<\/p>\n<p>They also collaborated on<br \/>\n<em>IREN2<\/em> (<a href=\"http:\/\/www.iren2.de\">www.iren2.de<\/a>) \u2013 combining grid network operation guidance and the market, proving the feasibility of microgrids as individual networks, proving the feasibility of microgrids at topological power plants.<\/p>\n<p>Both these projects were successful.[\/vc_column_text][vc_empty_space empty_h=&#8221;3&#8243;][\/vc_column][\/vc_row][vc_row row_height_percent=&#8221;0&#8243; overlay_alpha=&#8221;50&#8243; gutter_size=&#8221;3&#8243; column_width_percent=&#8221;100&#8243; desktop_visibility=&#8221;yes&#8221; medium_visibility=&#8221;yes&#8221; shift_y=&#8221;0&#8243; z_index=&#8221;0&#8243;][vc_column width=&#8221;1\/1&#8243;][vc_empty_space empty_h=&#8221;2&#8243;][vc_column_text]<strong>The following are members of the consortium: Allg\u00e4uer \u00dcberlandwerk GmbH, Allg\u00e4uNetz GmbH &amp; Co.KG, Siemens AG, Kempten University of Applied Sciences and the Fraunhofer Institute for Applied Information Technology. The consortium members have experience successfully working together on previous projects. They each contribute their core competencies to a pool of expertise.<\/strong><\/p>\n<p>The group has previously worked on projects including<\/p>\n<p><em>IRENE<\/em> (<a href=\"http:\/\/www.projekt-irene.de\/\">www.projekt-irene.de<\/a>) \u2013 optimising coordination of generation and consumption using distributed measurement technology and innovative strategies for regulation on DEA, in particular for electric vehicles.<\/p>\n<p>They also collaborated on<br \/>\n<em>IREN2<\/em> (<a href=\"http:\/\/www.iren2.de\">www.iren2.de<\/a>) \u2013 combining grid network operation guidance and the market, proving the feasibility of microgrids as individual networks, proving the feasibility of microgrids at topological power plants.<\/p>\n<p>Both these projects were successful.[\/vc_column_text][vc_empty_space empty_h=&#8221;3&#8243;][\/vc_column][\/vc_row][vc_row row_height_percent=&#8221;0&#8243; overlay_alpha=&#8221;50&#8243; gutter_size=&#8221;3&#8243; column_width_percent=&#8221;100&#8243; desktop_visibility=&#8221;yes&#8221; medium_visibility=&#8221;yes&#8221; shift_y=&#8221;0&#8243; z_index=&#8221;0&#8243;][vc_column width=&#8221;1\/1&#8243;][vc_empty_space empty_h=&#8221;2&#8243;][vc_column_text]<strong>The following are members of the consortium: Allg\u00e4uer \u00dcberlandwerk GmbH, Allg\u00e4uNetz GmbH &amp; Co.KG, Siemens AG, Kempten University of Applied Sciences and the Fraunhofer Institute for Applied Information Technology. The consortium members have experience successfully working together on previous projects. They each contribute their core competencies to a pool of expertise.<\/strong><\/p>\n<p>The group has previously worked on projects including<\/p>\n<p><em>IRENE<\/em> (<a href=\"http:\/\/www.projekt-irene.de\/\">www.projekt-irene.de<\/a>) \u2013 optimising coordination of generation and consumption using distributed measurement technology and innovative strategies for regulation on DEA, in particular for electric vehicles.<\/p>\n<p>They also collaborated on<br \/>\n<em>IREN2<\/em> (<a href=\"http:\/\/www.iren2.de\">www.iren2.de<\/a>) \u2013 combining grid network operation guidance and the market, proving the feasibility of microgrids as individual networks, proving the feasibility of microgrids at topological power plants.<\/p>\n<p>Both these projects were successful.[\/vc_column_text][vc_empty_space empty_h=&#8221;3&#8243;][\/vc_column][\/vc_row][vc_row row_height_percent=&#8221;0&#8243; overlay_alpha=&#8221;50&#8243; gutter_size=&#8221;3&#8243; column_width_percent=&#8221;60&#8243; shift_y=&#8221;0&#8243; z_index=&#8221;0&#8243;][vc_column width=&#8221;1\/1&#8243;][uncode_block id=&#8221;157&#8243;][\/vc_column][\/vc_row][vc_row row_height_percent=&#8221;0&#8243; overlay_alpha=&#8221;50&#8243; gutter_size=&#8221;3&#8243; column_width_percent=&#8221;60&#8243; shift_y=&#8221;0&#8243; z_index=&#8221;0&#8243;][vc_column width=&#8221;1\/1&#8243;][uncode_block id=&#8221;164&#8243;][uncode_block id=&#8221;175&#8243;][uncode_block id=&#8221;181&#8243;][uncode_block id=&#8221;185&#8243;][\/vc_column][\/vc_row][vc_row][vc_column column_width_percent=&#8221;50&#8243; overlay_alpha=&#8221;50&#8243; gutter_size=&#8221;3&#8243; medium_width=&#8221;0&#8243; mobile_width=&#8221;0&#8243; shift_x=&#8221;0&#8243; shift_y=&#8221;0&#8243; shift_y_down=&#8221;0&#8243; z_index=&#8221;0&#8243; width=&#8221;1\/1&#8243;][vc_empty_space empty_h=&#8221;2&#8243;][vc_single_image media=&#8221;2295&#8243; media_width_percent=&#8221;100&#8243;][\/vc_column][\/vc_row][vc_row][vc_column column_width_percent=&#8221;100&#8243; position_vertical=&#8221;middle&#8221; align_horizontal=&#8221;align_center&#8221; overlay_alpha=&#8221;50&#8243; gutter_size=&#8221;3&#8243; medium_width=&#8221;0&#8243; mobile_width=&#8221;0&#8243; shift_x=&#8221;0&#8243; shift_y=&#8221;0&#8243; shift_y_down=&#8221;0&#8243; z_index=&#8221;0&#8243; width=&#8221;1\/6&#8243;][vc_single_image media=&#8221;3802&#8243; media_width_percent=&#8221;100&#8243; alignment=&#8221;center&#8221; media_link=&#8221;url:http%3A%2F%2Fwww.egrid.de||target:%20_blank|&#8221;][\/vc_column][vc_column column_width_percent=&#8221;100&#8243; position_vertical=&#8221;middle&#8221; align_horizontal=&#8221;align_center&#8221; overlay_alpha=&#8221;50&#8243; gutter_size=&#8221;3&#8243; medium_width=&#8221;0&#8243; mobile_width=&#8221;0&#8243; shift_x=&#8221;0&#8243; shift_y=&#8221;0&#8243; shift_y_down=&#8221;0&#8243; z_index=&#8221;0&#8243; width=&#8221;1\/6&#8243;][vc_single_image media=&#8221;878&#8243; media_width_percent=&#8221;100&#8243; alignment=&#8221;center&#8221; media_link=&#8221;url:http%3A%2F%2Fwww.tesolva.de||target:%20_blank|&#8221;][\/vc_column][vc_column column_width_percent=&#8221;100&#8243; position_vertical=&#8221;middle&#8221; align_horizontal=&#8221;align_center&#8221; overlay_alpha=&#8221;50&#8243; gutter_size=&#8221;3&#8243; medium_width=&#8221;0&#8243; mobile_width=&#8221;0&#8243; shift_x=&#8221;0&#8243; shift_y=&#8221;0&#8243; shift_y_down=&#8221;0&#8243; z_index=&#8221;0&#8243; width=&#8221;1\/6&#8243;][vc_single_image media=&#8221;2644&#8243; media_width_percent=&#8221;100&#8243; alignment=&#8221;center&#8221; media_link=&#8221;url:https%3A%2F%2Fstiftung-umweltenergierecht.de%2Fen%2F|||&#8221;][\/vc_column][vc_column column_width_percent=&#8221;100&#8243; position_vertical=&#8221;middle&#8221; align_horizontal=&#8221;align_center&#8221; overlay_alpha=&#8221;50&#8243; gutter_size=&#8221;3&#8243; medium_width=&#8221;0&#8243; mobile_width=&#8221;0&#8243; shift_x=&#8221;0&#8243; shift_y=&#8221;0&#8243; shift_y_down=&#8221;0&#8243; z_index=&#8221;0&#8243; width=&#8221;1\/6&#8243;][vc_single_image media=&#8221;3716&#8243; media_width_percent=&#8221;100&#8243; alignment=&#8221;center&#8221; media_link=&#8221;url:https%3A%2F%2Fmway.io%2F|||&#8221;][\/vc_column][vc_column column_width_percent=&#8221;100&#8243; position_vertical=&#8221;middle&#8221; align_horizontal=&#8221;align_center&#8221; overlay_alpha=&#8221;50&#8243; gutter_size=&#8221;3&#8243; medium_width=&#8221;0&#8243; mobile_width=&#8221;0&#8243; shift_x=&#8221;0&#8243; shift_y=&#8221;0&#8243; shift_y_down=&#8221;0&#8243; z_index=&#8221;0&#8243; width=&#8221;1\/6&#8243;][vc_single_image media=&#8221;3889&#8243; media_width_percent=&#8221;100&#8243; media_link=&#8221;url:https%3A%2F%2Fwww.meteoblue.com%2Fen|||&#8221;][\/vc_column][vc_column width=&#8221;1\/6&#8243;][\/vc_column][\/vc_row][vc_row][vc_column width=&#8221;1\/1&#8243;][uncode_block id=&#8221;142&#8243;][\/vc_column][\/vc_row]<\/p>\n<\/div>","protected":false},"excerpt":{"rendered":"<p>[vc_row row_height_percent=&#8221;0&#8243; overlay_alpha=&#8221;50&#8243; gutter_size=&#8221;3&#8243; column_width_percent=&#8221;60&#8243; mobile_visibility=&#8221;yes&#8221; shift_y=&#8221;0&#8243; z_index=&#8221;0&#8243;][vc_column width=&#8221;1\/1&#8243;][vc_empty_space empty_h=&#8221;2&#8243;][vc_column_text]The following are members of the consortium: Allg\u00e4uer \u00dcberlandwerk GmbH, Allg\u00e4uNetz [&hellip;]<\/p>\n","protected":false},"author":2,"featured_media":0,"parent":0,"menu_order":0,"comment_status":"closed","ping_status":"closed","template":"","meta":{"footnotes":""},"class_list":["post-1650","page","type-page","status-publish","hentry"],"_links":{"self":[{"href":"https:\/\/pebbles-projekt.de\/en\/wp-json\/wp\/v2\/pages\/1650"}],"collection":[{"href":"https:\/\/pebbles-projekt.de\/en\/wp-json\/wp\/v2\/pages"}],"about":[{"href":"https:\/\/pebbles-projekt.de\/en\/wp-json\/wp\/v2\/types\/page"}],"author":[{"embeddable":true,"href":"https:\/\/pebbles-projekt.de\/en\/wp-json\/wp\/v2\/users\/2"}],"replies":[{"embeddable":true,"href":"https:\/\/pebbles-projekt.de\/en\/wp-json\/wp\/v2\/comments?post=1650"}],"version-history":[{"count":25,"href":"https:\/\/pebbles-projekt.de\/en\/wp-json\/wp\/v2\/pages\/1650\/revisions"}],"predecessor-version":[{"id":3891,"href":"https:\/\/pebbles-projekt.de\/en\/wp-json\/wp\/v2\/pages\/1650\/revisions\/3891"}],"wp:attachment":[{"href":"https:\/\/pebbles-projekt.de\/en\/wp-json\/wp\/v2\/media?parent=1650"}],"curies":[{"name":"wp","href":"https:\/\/api.w.org\/{rel}","templated":true}]}}